{"id":61,"date":"2016-08-13T07:05:05","date_gmt":"2016-08-13T06:05:05","guid":{"rendered":"http:\/\/www.legrain-huissier.fr\/?page_id=61"},"modified":"2025-09-28T06:44:34","modified_gmt":"2025-09-28T04:44:34","slug":"constat-huissier-paris","status":"publish","type":"page","link":"https:\/\/www.legrain-cesca.fr\/index.php\/constat-huissier-paris\/","title":{"rendered":"Constats d&#039;huissier"},"content":{"rendered":"<h1><span style=\"color: #999999;\">Nous effectuons tout type de constat d&rsquo;huissier de justice<br \/>\n<\/span><\/h1>\n<p><span style=\"color: #999999;\">Nous pouvons intervenir pour les constats \u00e0 Paris et en France enti\u00e8re.<\/span><\/p>\n<h2><img loading=\"lazy\" decoding=\"async\" class=\"alignleft wp-image-352 \" src=\"http:\/\/legraiy.cluster031.hosting.ovh.net\/wp-content\/uploads\/2017\/06\/chantier-300x240.jpg\" alt=\"\" width=\"136\" height=\"109\" srcset=\"https:\/\/www.legrain-cesca.fr\/wp-content\/uploads\/2017\/06\/chantier-300x240.jpg 300w, https:\/\/www.legrain-cesca.fr\/wp-content\/uploads\/2017\/06\/chantier-1024x819.jpg 1024w, https:\/\/www.legrain-cesca.fr\/wp-content\/uploads\/2017\/06\/chantier-768x614.jpg 768w, https:\/\/www.legrain-cesca.fr\/wp-content\/uploads\/2017\/06\/chantier.jpg 1300w\" sizes=\"auto, (max-width: 136px) 100vw, 136px\" \/><\/h2>\n<h3 style=\"text-align: left;\"><span style=\"color: #999999;\">Construction :<\/span><\/h3>\n<ul>\n<li><span style=\"color: #999999;\">constats de l&rsquo;affichage l\u00e9gal des permis de construire et de d\u00e9molir.<\/span><\/li>\n<li><span style=\"color: #999999;\">constats pr\u00e9ventifs avant travaux permettant de d\u00e9crire avec pr\u00e9cision l&rsquo;\u00e9tat des mitoyens<\/span><\/li>\n<li><span style=\"color: #999999;\">constats d&rsquo;avancement de chantier<\/span><\/li>\n<li><span style=\"color: #999999;\">constats de malfa\u00e7ons<\/span><\/li>\n<\/ul>\n<div class=\"row\">\n<div class=\"col-md-7\">\n<h3><span style=\"color: #999999;\"><img loading=\"lazy\" decoding=\"async\" class=\" wp-image-374 alignleft\" src=\"http:\/\/legraiy.cluster031.hosting.ovh.net\/wp-content\/uploads\/2017\/06\/locatifg-150x150.jpg\" alt=\"\" width=\"132\" height=\"132\" \/><\/span><\/h3>\n<h3><span style=\"color: #999999;\">Immobilier et locatif :<\/span><\/h3>\n<ul class=\"domaines\">\n<li><span style=\"color: #999999;\">Constats d&rsquo;\u00e9tat des lieux<\/span><\/li>\n<li><span style=\"color: #999999;\">Recouvrement de loyers impay\u00e9s et proc\u00e9dures d&rsquo;expulsion (impay\u00e9s, squats, cong\u00e9s, occupation sans titre)<\/span><\/li>\n<li><span style=\"color: #999999;\">R\u00e9daction et signification des actes (baux, cong\u00e9s &#8230;)<\/span><\/li>\n<li><span style=\"color: #999999;\">D\u00e9g\u00e2ts suite \u00e0 un sinistre : d\u00e9g\u00e2ts des eaux, incendie<\/span><\/li>\n<li><span style=\"color: #999999;\">Constat de v\u00e9tust\u00e9 pour \u00e9valuation du bien immobilier<\/span><\/li>\n<\/ul>\n<\/div>\n<\/div>\n<h3><\/h3>\n<h3><span style=\"color: #999999;\"><img loading=\"lazy\" decoding=\"async\" class=\"size-thumbnail wp-image-356 alignleft\" src=\"http:\/\/legraiy.cluster031.hosting.ovh.net\/wp-content\/uploads\/2017\/06\/copro-150x150.jpg\" alt=\"\" width=\"150\" height=\"150\" \/>Copropri\u00e9t\u00e9 :<\/span><\/h3>\n<ul class=\"domaines\" style=\"text-align: left;\">\n<li><span style=\"color: #999999;\">Constats de partie communes<\/span><\/li>\n<li><span style=\"color: #999999;\">Constats avant travaux<\/span><\/li>\n<\/ul>\n<h3><span style=\"color: #999999;\"><img loading=\"lazy\" decoding=\"async\" class=\" wp-image-547 alignleft\" src=\"http:\/\/legraiy.cluster031.hosting.ovh.net\/wp-content\/uploads\/2017\/08\/inventaire.jpg\" alt=\"\" width=\"130\" height=\"134\" \/>\u00a0 Inventaires \u00a0:<\/span><\/h3>\n<ul class=\"domaines\">\n<li><span style=\"color: #999999;\">Succession<\/span><\/li>\n<li><span style=\"color: #999999;\">Etats de stocks suite \u00e0 sinistre ou avant destruction<\/span><\/li>\n<\/ul>\n<h3><span style=\"color: #999999;\">\u00a0<\/span><\/h3>\n<p style=\"text-align: left;\"><span style=\"color: #808080;\"><a href=\"http:\/\/legrain.constat-huissier.paris\">Prendre rendez vous sur notre plateforme d\u00e9di\u00e9e : legrain.constat-huissier.paris<\/a><br \/>\n<\/span><\/p>\n<p style=\"text-align: left;\"><span style=\"color: #808080;\">Pour contacter le service constats : <a style=\"color: #808080;\" href=\"mailto:constats@legrain-cesca.fr\">constats@legrain-cesca.fr<\/a><\/span><\/p>\n<hr \/>\n<p style=\"text-align: center;\"><span style=\"color: #1184a3;\">LEGRAIN CESCA et associ\u00e9s &#8211; Huissiers de Justice &#8211; 27, rue de Lisbonne &#8211; 75008 PARIS<\/span><br \/>\n<span style=\"color: #808080;\"><a style=\"color: #808080;\" href=\"mailto:etude@legrain-cesca.fr\"><span style=\"color: #1184a3;\">etude@legrain-cesca.fr<\/span><\/a> <span style=\"color: #1184a3;\">&#8211; Tel : +33\u00a01 55 74 69 60<\/span><\/span><\/p>\n<p style=\"text-align: center;\"><span style=\"color: #808080;\"><a style=\"color: #808080;\" href=\"http:\/\/www.legrain-cesca.fr\/index.php\/mentions-legales\/\"><span style=\"color: #1184a3;\">Mentions l\u00e9gales<\/span><\/a><\/span><\/p>\n","protected":false},"excerpt":{"rendered":"<p>Nous effectuons tout type de constat d&rsquo;huissier de justice Nous pouvons intervenir pour les constats \u00e0 Paris et en France enti\u00e8re. Construction : constats de l&rsquo;affichage l\u00e9gal des permis de&#8230; <a class=\"read-more-button\" href=\"https:\/\/www.legrain-cesca.fr\/index.php\/constat-huissier-paris\/\">Savoir plus &gt;<\/a><\/p>\n","protected":false},"author":1,"featured_media":0,"parent":0,"menu_order":0,"comment_status":"closed","ping_status":"closed","template":"template-without-title.php","meta":{"om_disable_all_campaigns":false,"_monsterinsights_skip_tracking":false,"_monsterinsights_sitenote_active":false,"_monsterinsights_sitenote_note":"","_monsterinsights_sitenote_category":0,"footnotes":""},"class_list":["post-61","page","type-page","status-publish","hentry"],"aioseo_notices":[],"_links":{"self":[{"href":"https:\/\/www.legrain-cesca.fr\/index.php\/wp-json\/wp\/v2\/pages\/61","targetHints":{"allow":["GET"]}}],"collection":[{"href":"https:\/\/www.legrain-cesca.fr\/index.php\/wp-json\/wp\/v2\/pages"}],"about":[{"href":"https:\/\/www.legrain-cesca.fr\/index.php\/wp-json\/wp\/v2\/types\/page"}],"author":[{"embeddable":true,"href":"https:\/\/www.legrain-cesca.fr\/index.php\/wp-json\/wp\/v2\/users\/1"}],"replies":[{"embeddable":true,"href":"https:\/\/www.legrain-cesca.fr\/index.php\/wp-json\/wp\/v2\/comments?post=61"}],"version-history":[{"count":5,"href":"https:\/\/www.legrain-cesca.fr\/index.php\/wp-json\/wp\/v2\/pages\/61\/revisions"}],"predecessor-version":[{"id":1047,"href":"https:\/\/www.legrain-cesca.fr\/index.php\/wp-json\/wp\/v2\/pages\/61\/revisions\/1047"}],"wp:attachment":[{"href":"https:\/\/www.legrain-cesca.fr\/index.php\/wp-json\/wp\/v2\/media?parent=61"}],"curies":[{"name":"wp","href":"https:\/\/api.w.org\/{rel}","templated":true}]}}