{"id":35,"date":"2016-08-12T13:39:47","date_gmt":"2016-08-12T12:39:47","guid":{"rendered":"http:\/\/legrain-huissier.fr\/?page_id=35"},"modified":"2025-09-28T06:43:15","modified_gmt":"2025-09-28T04:43:15","slug":"constat-huissier-internet","status":"publish","type":"page","link":"https:\/\/www.legrain-cesca.fr\/index.php\/constat-huissier-internet\/","title":{"rendered":"Internet et Technologies"},"content":{"rendered":"<h1><span style=\"color: #999999;\"><img loading=\"lazy\" decoding=\"async\" class=\"wp-image-309 alignright\" src=\"http:\/\/legraiy.cluster031.hosting.ovh.net\/wp-content\/uploads\/2017\/06\/woman-1446557_1280-1024x682.jpg\" alt=\"\" width=\"427\" height=\"284\" srcset=\"https:\/\/www.legrain-cesca.fr\/wp-content\/uploads\/2017\/06\/woman-1446557_1280-1024x682.jpg 1024w, https:\/\/www.legrain-cesca.fr\/wp-content\/uploads\/2017\/06\/woman-1446557_1280-300x200.jpg 300w, https:\/\/www.legrain-cesca.fr\/wp-content\/uploads\/2017\/06\/woman-1446557_1280-768x512.jpg 768w, https:\/\/www.legrain-cesca.fr\/wp-content\/uploads\/2017\/06\/woman-1446557_1280.jpg 1280w\" sizes=\"auto, (max-width: 427px) 100vw, 427px\" \/><\/span><span style=\"color: #999999;\">Internet et technologies<\/span><\/h1>\n<h2><span style=\"color: #999999;\">Sur l&rsquo;Internet et en informatique, nos interventions sont de toutes natures et notamment :<\/span><\/h2>\n<ul>\n<li>\n<h6><span style=\"color: #999999;\">Contenu de sites internet<\/span><\/h6>\n<\/li>\n<li><span style=\"color: #999999;\">Atteinte aux droit des marques et au droit d&rsquo;auteur<\/span><\/li>\n<li><span style=\"color: #999999;\">Diffamation<\/span><\/li>\n<li><span style=\"color: #999999;\">Noms de domaine<\/span><\/li>\n<li><span style=\"color: #999999;\">Piratage et contrefa\u00e7on de logiciel<\/span><\/li>\n<li><span style=\"color: #999999;\">Contrefa\u00e7on de bases de donn\u00e9es ou logiciels<\/span><\/li>\n<li><span style=\"color: #999999;\">E-commerce<\/span><\/li>\n<li><span style=\"color: #999999;\">Contr\u00f4le des \u00e9lections et votes par Internet<\/span><\/li>\n<li><span style=\"color: #999999;\">Sauvegarde de syst\u00e8mes et bases de donn\u00e9es<br \/>\n<\/span><\/li>\n<li><span style=\"color: #999999;\">Constat de SMS<\/span><\/li>\n<li><span style=\"color: #999999;\">Constat de contenu et sauvegarde de messageries (Exchange, Lotus Notes, Google Apps &#8230;)<\/span><\/li>\n<\/ul>\n<p><span style=\"color: #808080;\">Nous sommes partenaires de <a href=\"http:\/\/blockchainyourip.com\">BlockChainYourIP<\/a>, la premi\u00e8re solution offrant une preuve pr\u00e9constitu\u00e9e par la technologie blockchain.<\/span><br \/>\n<a href=\"http:\/\/www.constat-huissier.paris\">Prendre rendez vous sur notre plateforme d\u00e9di\u00e9e : constat-huissier.paris<\/a><br \/>\n<span style=\"color: #808080;\"><span style=\"color: #999999;\">Pour contacter le service Internet et Technologies : <\/span><a style=\"color: #808080;\" href=\"mailto:constats@legrain-huissier.fr\"><span style=\"color: #999999;\">constats@legrain-huissier.fr<\/span><\/a><\/span><\/p>\n<h2><span style=\"color: #999999;\">Publications et contributions :<\/span><\/h2>\n<ul class=\"publications\">\n<li><span style=\"color: #999999;\">L&rsquo;huissier collecteur de preuve num\u00e9rique volatile &#8211; Colloque de la CNEJITA &#8211; Avril 2010<\/span><\/li>\n<li><span style=\"color: #999999;\">Communication Commerce Electronique &#8211; Octobre 2010 &#8211; Les constats Internet &#8211; Fiche pratique<\/span><\/li>\n<li><span style=\"color: #999999;\">Communication Commerce Electronique &#8211; Octobre 2011 &#8211; Les constats Internet &#8211; La pratique des huissiers de justice face \u00e0 la rigueur jurisprudentielle<\/span><\/li>\n<li><span style=\"color: #999999;\">La Semaine Juridique &#8211; Edition G\u00e9n\u00e9rale &#8211; 27\/09\/2010 &#8211; Le constat d&rsquo;huissier sur Internet<\/span><\/li>\n<li><span style=\"color: #999999;\"><a style=\"color: #999999;\" href=\"http:\/\/www.lagbd.org\/index.php\/Preuve_en_ligne_et_sur_Internet_:_ordonnance,_constat_d%27huissier_et_expertise_(fr)\">Preuve en ligne et sur Internet :\u00a0 <\/a><\/span><span style=\"color: #999999;\">ordonnance, constat d&rsquo;huissier et expertise &#8211; Campus 2013<\/span><\/li>\n<li><span style=\"color: #999999;\"><a style=\"color: #999999;\" href=\"http:\/\/www.cnejita.org\/wp-content\/uploads\/2016\/10\/18.10.16-JFC-J-Legrain-lhuissier-et-la-preuve.pdf\">L\u2019huissier, l\u2019expert et la preuve des actes de cybermalveillanc<strong>e<\/strong><\/a> &#8211; CNEJITA &#8211; 18 Octobre 2016<br \/>\n<\/span><\/li>\n<li><span style=\"color: #999999;\">Le constat d\u2019achat en p\u00e9ril\u00a0: l\u2019\u00e9galit\u00e9 des armes au service des contrefacteurs &#8211; La Semaine Juridique &#8211; \u00c9dition G\u00e9n\u00e9rale &#8211; N\u00b011 &#8211; 13 mars 2017<\/span><\/li>\n<li><span style=\"color: #999999;\">Communication Commerce \u00c9lectronique &#8211;<\/span><span style=\"color: #999999;\"> Le constat d&rsquo;achat remis en question &#8211; Septembre 2017<\/span><\/li>\n<\/ul>\n<h1><span style=\"color: #292e9c;\"><strong>\u00a0<\/strong><\/span><\/h1>\n<hr \/>\n<p style=\"text-align: center;\"><span style=\"color: #1184a3;\">LEGRAIN CESCA et associ\u00e9s &#8211; Huissier de Justice &#8211; 27, rue de Lisbonne &#8211; 75008 PARIS<\/span><br \/>\n<span style=\"color: #808080;\"><a style=\"color: #808080;\" href=\"mailto:etude@legrain-cesca.fr\"><span style=\"color: #1184a3;\">etude@legrain-cesca.fr<\/span><\/a> <span style=\"color: #1184a3;\">&#8211; Tel : +33\u00a01 55 74 69 60<\/span><\/span><\/p>\n<p style=\"text-align: center;\"><span style=\"color: #808080;\"><a style=\"color: #808080;\" href=\"http:\/\/www.legrain-cesca.fr\/index.php\/mentions-legales\/\"><span style=\"color: #1184a3;\">Mentions l\u00e9gales<\/span><\/a><\/span><\/p>\n","protected":false},"excerpt":{"rendered":"<p>Internet et technologies Sur l&rsquo;Internet et en informatique, nos interventions sont de toutes natures et notamment : Contenu de sites internet Atteinte aux droit des marques et au droit d&rsquo;auteur&#8230; <a class=\"read-more-button\" href=\"https:\/\/www.legrain-cesca.fr\/index.php\/constat-huissier-internet\/\">Savoir plus &gt;<\/a><\/p>\n","protected":false},"author":1,"featured_media":0,"parent":0,"menu_order":0,"comment_status":"closed","ping_status":"closed","template":"template-without-title.php","meta":{"om_disable_all_campaigns":false,"_monsterinsights_skip_tracking":false,"_monsterinsights_sitenote_active":false,"_monsterinsights_sitenote_note":"","_monsterinsights_sitenote_category":0,"footnotes":""},"class_list":["post-35","page","type-page","status-publish","hentry"],"aioseo_notices":[],"_links":{"self":[{"href":"https:\/\/www.legrain-cesca.fr\/index.php\/wp-json\/wp\/v2\/pages\/35","targetHints":{"allow":["GET"]}}],"collection":[{"href":"https:\/\/www.legrain-cesca.fr\/index.php\/wp-json\/wp\/v2\/pages"}],"about":[{"href":"https:\/\/www.legrain-cesca.fr\/index.php\/wp-json\/wp\/v2\/types\/page"}],"author":[{"embeddable":true,"href":"https:\/\/www.legrain-cesca.fr\/index.php\/wp-json\/wp\/v2\/users\/1"}],"replies":[{"embeddable":true,"href":"https:\/\/www.legrain-cesca.fr\/index.php\/wp-json\/wp\/v2\/comments?post=35"}],"version-history":[{"count":3,"href":"https:\/\/www.legrain-cesca.fr\/index.php\/wp-json\/wp\/v2\/pages\/35\/revisions"}],"predecessor-version":[{"id":1044,"href":"https:\/\/www.legrain-cesca.fr\/index.php\/wp-json\/wp\/v2\/pages\/35\/revisions\/1044"}],"wp:attachment":[{"href":"https:\/\/www.legrain-cesca.fr\/index.php\/wp-json\/wp\/v2\/media?parent=35"}],"curies":[{"name":"wp","href":"https:\/\/api.w.org\/{rel}","templated":true}]}}