{"id":33,"date":"2016-08-12T13:40:04","date_gmt":"2016-08-12T12:40:04","guid":{"rendered":"http:\/\/legrain-huissier.fr\/?page_id=33"},"modified":"2025-09-28T06:42:42","modified_gmt":"2025-09-28T04:42:42","slug":"constat-huissier-propriete-intellectuelle","status":"publish","type":"page","link":"https:\/\/www.legrain-cesca.fr\/index.php\/constat-huissier-propriete-intellectuelle\/","title":{"rendered":"Propri\u00e9t\u00e9 Intellectuelle"},"content":{"rendered":"<h1 style=\"padding-left: 30px;\"><span style=\"color: #999999;\"><img loading=\"lazy\" decoding=\"async\" class=\"alignleft wp-image-335\" src=\"http:\/\/legraiy.cluster031.hosting.ovh.net\/wp-content\/uploads\/2017\/06\/contrefacon.png\" alt=\"\" width=\"236\" height=\"234\" srcset=\"https:\/\/www.legrain-cesca.fr\/wp-content\/uploads\/2017\/06\/contrefacon.png 356w, https:\/\/www.legrain-cesca.fr\/wp-content\/uploads\/2017\/06\/contrefacon-300x297.png 300w, https:\/\/www.legrain-cesca.fr\/wp-content\/uploads\/2017\/06\/contrefacon-150x150.png 150w\" sizes=\"auto, (max-width: 236px) 100vw, 236px\" \/><\/span><\/h1>\n<h1 style=\"padding-left: 30px;\"><span style=\"color: #999999;\">D\u00e9fendre et prot\u00e9ger vos droits de propri\u00e9t\u00e9 intellectuelle : marques, dessins, mod\u00e8les, brevets, droit d&rsquo;auteur<br \/><\/span><\/h1>\n<p style=\"padding-left: 30px;\"><span style=\"color: #999999;\">Nous intervenons \u00e0 tous les stades.<br \/><\/span><\/p>\n<p style=\"padding-left: 30px;\"><span style=\"color: #999999;\">A titre pr\u00e9ventif, en amont, pour assurer la protections de vos droits notamment par le biais de constats de d\u00e9p\u00f4ts.<\/span><\/p>\n<p style=\"padding-left: 30px;\"><span style=\"color: #999999;\">Dans les phases pr\u00e9-contentieuses et contentieuses, pour apporter la preuve de la contrefa\u00e7on en proc\u00e9dant \u00e0 divers types de constats (Internet, Achat, salons professionnels ..) ou par la voie de la saisie contrefa\u00e7on r\u00e9elle ou descriptive.<\/span><\/p>\n<p>\u00a0<\/p>\n<p style=\"padding-left: 30px;\"><span style=\"color: #808080;\">L&rsquo;\u00e9tude est partenaire de la soci\u00e9t\u00e9 <a href=\"http:\/\/blockchainyourip.com\/\"><strong>BlockChainYourIP<\/strong><\/a>,\u00a0la premi\u00e8re solution offrant une preuve pr\u00e9 constitu\u00e9e par la technologie blockchain.<\/span><\/p>\n<p style=\"padding-left: 30px;\"><span style=\"color: #808080;\"><em>\u00ab\u00a0Ce partenariat organise, de fa\u00e7on in\u00e9dite, les conditions d\u2019\u00e9tablissement par l\u2019huissier d\u2019un proc\u00e8s-verbal de constat d\u2019une preuve de cr\u00e9ation ou d\u2019innovation pr\u00e9constitu\u00e9e par la blockchain, totalement adapt\u00e9e aux attentes des tribunaux. L\u2019huissier v\u00e9rifiera ainsi de fa\u00e7on ind\u00e9pendante la preuve blockchain avec les outils techniques n\u00e9cessaires \u00e0 cet effet, et \u00e9tablira ensuite un proc\u00e8s-verbal constatant la parfaite conformit\u00e9 de cette preuve.<\/em><\/span><br \/><span style=\"color: #808080;\"><em>L&rsquo;objectif de ce partenariat est de permettre aux entreprises de constituer tr\u00e8s facilement des preuves de leurs cr\u00e9ations et de leurs innovations pour les litiges devant les tribunaux fran\u00e7ais, mais aussi pour tous les besoins de la vie des affaires, en utilisant le potentiel extraordinaire offert par la technologie blockchain.\u00a0\u00bb<\/em><\/span><\/p>\n<p style=\"padding-left: 30px;\"><span style=\"color: #808080;\">Vous pouvez d\u00e9j\u00e0 utiliser notre v\u00e9rificateur Chainpoint de preuve ancr\u00e9e dans la Blockchain Bitcoin sur notre site d\u00e9di\u00e9<\/span><\/p>\n<p><a href=\"http:\/\/www.constat-huissier.paris\/preuve\/proof.html\" target=\"_blank\" rel=\"noopener noreferrer\"><img loading=\"lazy\" decoding=\"async\" class=\"aligncenter wp-image-690\" src=\"http:\/\/legraiy.cluster031.hosting.ovh.net\/wp-content\/uploads\/2018\/02\/proofchain-1024x311.png\" alt=\"\" width=\"338\" height=\"103\" srcset=\"https:\/\/www.legrain-cesca.fr\/wp-content\/uploads\/2018\/02\/proofchain-1024x311.png 1024w, https:\/\/www.legrain-cesca.fr\/wp-content\/uploads\/2018\/02\/proofchain-300x91.png 300w, https:\/\/www.legrain-cesca.fr\/wp-content\/uploads\/2018\/02\/proofchain-768x233.png 768w, https:\/\/www.legrain-cesca.fr\/wp-content\/uploads\/2018\/02\/proofchain.png 1298w\" sizes=\"auto, (max-width: 338px) 100vw, 338px\" \/><\/a><br \/><a href=\"http:\/\/www.constat-huissier.paris\">Prendre rendez vous sur notre plateforme d\u00e9di\u00e9e : constat-huissier.paris<\/a><br \/><span style=\"color: #808080;\">Pour contacter le service propri\u00e9t\u00e9 intellectuelle : <\/span><a href=\"mailto:constats@legrain-cesca.fr\"><span style=\"color: #808080;\">c<strong>onstats@legrain-cesca.fr<\/strong><\/span><\/a><\/p>\n<p style=\"text-align: left;\"><strong><span style=\"color: #808080;\">Publications et contributions :<\/span><\/strong><\/p>\n<ul>\n<li style=\"padding-left: 30px; text-align: left;\"><span style=\"color: #808080;\">Dossiers Jurisclasseur &#8211; <strong>Pratique de la saisie contrefa\u00e7on<\/strong> &#8211; D\u00e9cembre 2010<\/span><\/li>\n<li style=\"padding-left: 30px; text-align: left;\"><span style=\"color: #808080;\">Dossier p\u00e9dagodique Lexisnexis &#8211; <strong>Concurrence d\u00e9loyale et parasitisme<\/strong> &#8211; Septembre 2012<\/span><\/li>\n<li style=\"padding-left: 30px; text-align: left;\"><span style=\"color: #808080;\">La Semaine Juridique &#8211; \u00c9dition G\u00e9n\u00e9rale &#8211; N\u00b011 &#8211; 13 mars 2017 &#8211;\u00a0 <strong>Le constat d\u2019achat en p\u00e9ril\u00a0: l\u2019\u00e9galit\u00e9 des armes <span style=\"color: #999999;\">au service des contrefacteurs<\/span><\/strong><\/span><\/li>\n<li style=\"padding-left: 30px; text-align: left;\"><span style=\"color: #999999;\">Communication Commerce \u00c9lectronique &#8211;<\/span><br \/><span style=\"color: #999999;\"> <strong>Le constat d&rsquo;achat remis en question <\/strong>&#8211; Septembre 2017<\/span><\/li>\n<\/ul>\n<hr \/>\n<p style=\"text-align: center;\"><span style=\"color: #1184a3;\">LEGRAIN CESCA et associ\u00e9s &#8211; Huissier de Justice &#8211; 27, rue de Lisbonne &#8211; 75008 PARIS<\/span><br \/><span style=\"color: #808080;\"><a style=\"color: #808080;\" href=\"mailto:etude@legrain-cesca.fr\"><span style=\"color: #1184a3;\">etude@legrain-cesca.fr<\/span><\/a> <span style=\"color: #1184a3;\">&#8211; Tel : +33\u00a01 55 74 69 60<\/span><\/span><\/p>\n<p style=\"text-align: center;\"><span style=\"color: #808080;\"><a style=\"color: #808080;\" href=\"http:\/\/www.legrain-huissier.fr\/index.php\/mentions-legales\/\"><span style=\"color: #1184a3;\">Mentions l\u00e9gales<\/span><\/a><\/span><\/p>\n\n\n<p><\/p>\n","protected":false},"excerpt":{"rendered":"<p>D\u00e9fendre et prot\u00e9ger vos droits de propri\u00e9t\u00e9 intellectuelle : marques, dessins, mod\u00e8les, brevets, droit d&rsquo;auteur Nous intervenons \u00e0 tous les stades. A titre pr\u00e9ventif, en amont, pour assurer la protections&#8230; <a class=\"read-more-button\" href=\"https:\/\/www.legrain-cesca.fr\/index.php\/constat-huissier-propriete-intellectuelle\/\">Savoir plus &gt;<\/a><\/p>\n","protected":false},"author":1,"featured_media":0,"parent":0,"menu_order":0,"comment_status":"closed","ping_status":"closed","template":"template-without-title.php","meta":{"om_disable_all_campaigns":false,"_monsterinsights_skip_tracking":false,"_monsterinsights_sitenote_active":false,"_monsterinsights_sitenote_note":"","_monsterinsights_sitenote_category":0,"footnotes":""},"class_list":["post-33","page","type-page","status-publish","hentry"],"aioseo_notices":[],"_links":{"self":[{"href":"https:\/\/www.legrain-cesca.fr\/index.php\/wp-json\/wp\/v2\/pages\/33","targetHints":{"allow":["GET"]}}],"collection":[{"href":"https:\/\/www.legrain-cesca.fr\/index.php\/wp-json\/wp\/v2\/pages"}],"about":[{"href":"https:\/\/www.legrain-cesca.fr\/index.php\/wp-json\/wp\/v2\/types\/page"}],"author":[{"embeddable":true,"href":"https:\/\/www.legrain-cesca.fr\/index.php\/wp-json\/wp\/v2\/users\/1"}],"replies":[{"embeddable":true,"href":"https:\/\/www.legrain-cesca.fr\/index.php\/wp-json\/wp\/v2\/comments?post=33"}],"version-history":[{"count":3,"href":"https:\/\/www.legrain-cesca.fr\/index.php\/wp-json\/wp\/v2\/pages\/33\/revisions"}],"predecessor-version":[{"id":1043,"href":"https:\/\/www.legrain-cesca.fr\/index.php\/wp-json\/wp\/v2\/pages\/33\/revisions\/1043"}],"wp:attachment":[{"href":"https:\/\/www.legrain-cesca.fr\/index.php\/wp-json\/wp\/v2\/media?parent=33"}],"curies":[{"name":"wp","href":"https:\/\/api.w.org\/{rel}","templated":true}]}}